{"id":27,"date":"2025-02-19T14:35:45","date_gmt":"2025-02-19T14:35:45","guid":{"rendered":"https:\/\/labour2.vefberg.is\/?page_id=27"},"modified":"2025-03-26T13:13:19","modified_gmt":"2025-03-26T13:13:19","slug":"what-is-my-union","status":"publish","type":"page","link":"https:\/\/labour.is\/is\/what-is-my-union\/","title":{"rendered":"Hva\u00f0 er st\u00e9ttarf\u00e9lagi\u00f0 mitt?"},"content":{"rendered":"","protected":false},"excerpt":{"rendered":"","protected":false},"author":1,"featured_media":0,"parent":0,"menu_order":0,"comment_status":"closed","ping_status":"closed","template":"","meta":{"footnotes":""},"class_list":["post-27","page","type-page","status-publish","hentry"],"jetpack_sharing_enabled":true,"_links":{"self":[{"href":"https:\/\/labour.is\/is\/wp-json\/wp\/v2\/pages\/27","targetHints":{"allow":["GET"]}}],"collection":[{"href":"https:\/\/labour.is\/is\/wp-json\/wp\/v2\/pages"}],"about":[{"href":"https:\/\/labour.is\/is\/wp-json\/wp\/v2\/types\/page"}],"author":[{"embeddable":true,"href":"https:\/\/labour.is\/is\/wp-json\/wp\/v2\/users\/1"}],"replies":[{"embeddable":true,"href":"https:\/\/labour.is\/is\/wp-json\/wp\/v2\/comments?post=27"}],"version-history":[{"count":6,"href":"https:\/\/labour.is\/is\/wp-json\/wp\/v2\/pages\/27\/revisions"}],"predecessor-version":[{"id":167,"href":"https:\/\/labour.is\/is\/wp-json\/wp\/v2\/pages\/27\/revisions\/167"}],"wp:attachment":[{"href":"https:\/\/labour.is\/is\/wp-json\/wp\/v2\/media?parent=27"}],"curies":[{"name":"wp","href":"https:\/\/api.w.org\/{rel}","templated":true}]}}