{"id":25,"date":"2025-02-19T14:35:32","date_gmt":"2025-02-19T14:35:32","guid":{"rendered":"https:\/\/labour2.vefberg.is\/?page_id=25"},"modified":"2025-03-26T13:13:34","modified_gmt":"2025-03-26T13:13:34","slug":"what-are-the-benefits-of-being-a-union-member","status":"publish","type":"page","link":"https:\/\/labour.is\/lv\/what-are-the-benefits-of-being-a-union-member\/","title":{"rendered":"K\u0101d\u0113\u013c ir v\u0113rts b\u016bt par arodbiedr\u012bbas biedru?"},"content":{"rendered":"","protected":false},"excerpt":{"rendered":"","protected":false},"author":1,"featured_media":0,"parent":0,"menu_order":0,"comment_status":"closed","ping_status":"closed","template":"","meta":{"footnotes":""},"class_list":["post-25","page","type-page","status-publish","hentry"],"jetpack_sharing_enabled":true,"_links":{"self":[{"href":"https:\/\/labour.is\/lv\/wp-json\/wp\/v2\/pages\/25","targetHints":{"allow":["GET"]}}],"collection":[{"href":"https:\/\/labour.is\/lv\/wp-json\/wp\/v2\/pages"}],"about":[{"href":"https:\/\/labour.is\/lv\/wp-json\/wp\/v2\/types\/page"}],"author":[{"embeddable":true,"href":"https:\/\/labour.is\/lv\/wp-json\/wp\/v2\/users\/1"}],"replies":[{"embeddable":true,"href":"https:\/\/labour.is\/lv\/wp-json\/wp\/v2\/comments?post=25"}],"version-history":[{"count":7,"href":"https:\/\/labour.is\/lv\/wp-json\/wp\/v2\/pages\/25\/revisions"}],"predecessor-version":[{"id":168,"href":"https:\/\/labour.is\/lv\/wp-json\/wp\/v2\/pages\/25\/revisions\/168"}],"wp:attachment":[{"href":"https:\/\/labour.is\/lv\/wp-json\/wp\/v2\/media?parent=25"}],"curies":[{"name":"wp","href":"https:\/\/api.w.org\/{rel}","templated":true}]}}